{"id":1384,"date":"2023-08-14T16:36:37","date_gmt":"2023-08-14T19:36:37","guid":{"rendered":"http:\/\/br902.teste.website\/~dwebte41\/?page_id=1384"},"modified":"2025-10-10T16:36:59","modified_gmt":"2025-10-10T19:36:59","slug":"solucao-mainframe","status":"publish","type":"page","link":"https:\/\/4bears.com.br\/wordpress\/solucao-mainframe\/","title":{"rendered":"Solu\u00e7\u00e3o Mainframe"},"content":{"rendered":"\t\t<div data-elementor-type=\"wp-page\" data-elementor-id=\"1384\" class=\"elementor elementor-1384\" data-elementor-post-type=\"page\">\n\t\t\t\t\t\t<section class=\"elementor-section elementor-top-section elementor-element elementor-element-081ba50 elementor-section-boxed elementor-section-height-default elementor-section-height-default\" data-id=\"081ba50\" data-element_type=\"section\" data-e-type=\"section\">\n\t\t\t\t\t\t<div class=\"elementor-container elementor-column-gap-default\">\n\t\t\t\t\t<div class=\"elementor-column elementor-col-100 elementor-top-column elementor-element elementor-element-1dabfd3\" data-id=\"1dabfd3\" data-element_type=\"column\" data-e-type=\"column\">\n\t\t\t<div class=\"elementor-widget-wrap elementor-element-populated\">\n\t\t\t\t\t\t<div class=\"elementor-element elementor-element-f706d85 elementor-widget elementor-widget-spacer\" data-id=\"f706d85\" data-element_type=\"widget\" data-e-type=\"widget\" data-widget_type=\"spacer.default\">\n\t\t\t\t<div class=\"elementor-widget-container\">\n\t\t\t\t\t\t\t<div class=\"elementor-spacer\">\n\t\t\t<div class=\"elementor-spacer-inner\"><\/div>\n\t\t<\/div>\n\t\t\t\t\t\t<\/div>\n\t\t\t\t<\/div>\n\t\t\t\t\t<\/div>\n\t\t<\/div>\n\t\t\t\t\t<\/div>\n\t\t<\/section>\n\t\t\t\t<section class=\"elementor-section elementor-top-section elementor-element elementor-element-4fa7107 elementor-section-boxed elementor-section-height-default elementor-section-height-default\" data-id=\"4fa7107\" data-element_type=\"section\" data-e-type=\"section\">\n\t\t\t\t\t\t<div class=\"elementor-container elementor-column-gap-default\">\n\t\t\t\t\t<div class=\"elementor-column elementor-col-100 elementor-top-column elementor-element elementor-element-9ab778f\" data-id=\"9ab778f\" data-element_type=\"column\" data-e-type=\"column\" data-settings=\"{&quot;background_background&quot;:&quot;classic&quot;}\">\n\t\t\t<div class=\"elementor-widget-wrap elementor-element-populated\">\n\t\t\t\t\t\t<div class=\"elementor-element elementor-element-9d27697 elementor-widget elementor-widget-heading\" data-id=\"9d27697\" data-element_type=\"widget\" data-e-type=\"widget\" data-widget_type=\"heading.default\">\n\t\t\t\t<div class=\"elementor-widget-container\">\n\t\t\t\t\t<h2 class=\"elementor-heading-title elementor-size-default\">Solu\u00e7\u00f5es Mainframe<\/h2>\t\t\t\t<\/div>\n\t\t\t\t<\/div>\n\t\t\t\t<div class=\"elementor-element elementor-element-6a5a6a6 elementor-widget elementor-widget-text-editor\" data-id=\"6a5a6a6\" data-element_type=\"widget\" data-e-type=\"widget\" data-widget_type=\"text-editor.default\">\n\t\t\t\t<div class=\"elementor-widget-container\">\n\t\t\t\t\t\t\t\t\t<p>A chave para o sucesso dos nossos parceiros est\u00e1 na agilidade e na estrat\u00e9gia. Eles compreenderam que a inova\u00e7\u00e3o exige uma mentalidade flex\u00edvel e aberta \u00e0 mudan\u00e7a. Ao mesmo tempo, eles alinharam suas estrat\u00e9gias de neg\u00f3cios com as capacidades avan\u00e7adas do mainframe de \u00faltima gera\u00e7\u00e3o. Isso lhes permitiu n\u00e3o apenas adotar as tecnologias mais recentes, mas tamb\u00e9m aplic\u00e1-las de maneira inteligente para atingir seus objetivos corporativos.<\/p><p style=\"text-align: left;\">Estamos orgulhosos de colaborar com esses parceiros vision\u00e1rios que est\u00e3o liderando a marcha em dire\u00e7\u00e3o ao futuro. \u00c0 medida que a \u00faltima gera\u00e7\u00e3o do mainframe se torna a espinha dorsal da transforma\u00e7\u00e3o digital, reconhecemos a import\u00e2ncia de estarmos em sintonia com as necessidades e aspira\u00e7\u00f5es dos nossos parceiros. Continuaremos a fornecer suporte, orienta\u00e7\u00e3o e solu\u00e7\u00f5es que capacitam nossos parceiros a se destacarem e a explorarem todo o potencial da tecnologia mainframe.<\/p><p style=\"text-align: left;\">Em \u00faltima an\u00e1lise, a \u00faltima gera\u00e7\u00e3o do mainframe n\u00e3o \u00e9 apenas um marco na evolu\u00e7\u00e3o tecnol\u00f3gica, mas tamb\u00e9m uma oportunidade para nossos parceiros demonstrarem sua capacidade de lideran\u00e7a e inova\u00e7\u00e3o. Com nosso compromisso conjunto com a excel\u00eancia e a progress\u00e3o cont\u00ednua, estamos construindo um futuro onde a tecnologia mainframe redefine os limites do poss\u00edvel, impulsionando o sucesso dos nossos parceiros e inspirando a ind\u00fastria como um todo.<\/p>\t\t\t\t\t\t\t\t<\/div>\n\t\t\t\t<\/div>\n\t\t\t\t\t<\/div>\n\t\t<\/div>\n\t\t\t\t\t<\/div>\n\t\t<\/section>\n\t\t\t\t<section class=\"elementor-section elementor-top-section elementor-element elementor-element-3edec67 elementor-section-content-middle elementor-section-boxed elementor-section-height-default elementor-section-height-default\" data-id=\"3edec67\" data-element_type=\"section\" data-e-type=\"section\">\n\t\t\t\t\t\t<div class=\"elementor-container elementor-column-gap-no\">\n\t\t\t\t\t<div class=\"elementor-column elementor-col-100 elementor-top-column elementor-element elementor-element-189b8f8a\" data-id=\"189b8f8a\" data-element_type=\"column\" data-e-type=\"column\">\n\t\t\t<div class=\"elementor-widget-wrap elementor-element-populated\">\n\t\t\t\t\t\t<div class=\"elementor-element elementor-element-39091ffc elementor-widget elementor-widget-heading\" data-id=\"39091ffc\" data-element_type=\"widget\" data-e-type=\"widget\" data-widget_type=\"heading.default\">\n\t\t\t\t<div class=\"elementor-widget-container\">\n\t\t\t\t\t<h4 class=\"elementor-heading-title elementor-size-default\">Nossos Parceiros<\/h4>\t\t\t\t<\/div>\n\t\t\t\t<\/div>\n\t\t\t\t<section class=\"elementor-section elementor-inner-section elementor-element elementor-element-80d1f56 elementor-section-content-middle elementor-section-boxed elementor-section-height-default elementor-section-height-default\" data-id=\"80d1f56\" data-element_type=\"section\" data-e-type=\"section\">\n\t\t\t\t\t\t<div class=\"elementor-container elementor-column-gap-no\">\n\t\t\t\t\t<div class=\"elementor-column elementor-col-33 elementor-inner-column elementor-element elementor-element-21da7dc5\" data-id=\"21da7dc5\" data-element_type=\"column\" data-e-type=\"column\">\n\t\t\t<div class=\"elementor-widget-wrap elementor-element-populated\">\n\t\t\t\t\t\t<div class=\"elementor-element elementor-element-6b9e95c0 elementor-widget elementor-widget-image\" data-id=\"6b9e95c0\" data-element_type=\"widget\" data-e-type=\"widget\" data-widget_type=\"image.default\">\n\t\t\t\t<div class=\"elementor-widget-container\">\n\t\t\t\t\t\t\t\t\t\t\t\t\t\t\t<img fetchpriority=\"high\" decoding=\"async\" width=\"350\" height=\"350\" src=\"https:\/\/4bears.com.br\/wordpress\/wp-content\/uploads\/2023\/08\/Novo-Projeto-10.png\" class=\"attachment-large size-large wp-image-1117\" alt=\"\" srcset=\"https:\/\/4bears.com.br\/wordpress\/wp-content\/uploads\/2023\/08\/Novo-Projeto-10.png 350w, https:\/\/4bears.com.br\/wordpress\/wp-content\/uploads\/2023\/08\/Novo-Projeto-10-300x300.png 300w, https:\/\/4bears.com.br\/wordpress\/wp-content\/uploads\/2023\/08\/Novo-Projeto-10-150x150.png 150w\" sizes=\"(max-width: 350px) 100vw, 350px\" \/>\t\t\t\t\t\t\t\t\t\t\t\t\t\t\t<\/div>\n\t\t\t\t<\/div>\n\t\t\t\t\t<\/div>\n\t\t<\/div>\n\t\t\t\t<div class=\"elementor-column elementor-col-33 elementor-inner-column elementor-element elementor-element-4fd276ec\" data-id=\"4fd276ec\" data-element_type=\"column\" data-e-type=\"column\">\n\t\t\t<div class=\"elementor-widget-wrap elementor-element-populated\">\n\t\t\t\t\t\t<div class=\"elementor-element elementor-element-40fa8a0 elementor-widget elementor-widget-image\" data-id=\"40fa8a0\" data-element_type=\"widget\" data-e-type=\"widget\" data-widget_type=\"image.default\">\n\t\t\t\t<div class=\"elementor-widget-container\">\n\t\t\t\t\t\t\t\t\t\t\t\t\t\t\t<img decoding=\"async\" width=\"1024\" height=\"1024\" src=\"https:\/\/4bears.com.br\/wordpress\/wp-content\/uploads\/2025\/01\/Mama-de-los-anos-80-viendo-su-hijo-abrir-el-regalo-de-navidad.-3-1024x1024.png\" class=\"attachment-large size-large wp-image-2781\" alt=\"\" srcset=\"https:\/\/4bears.com.br\/wordpress\/wp-content\/uploads\/2025\/01\/Mama-de-los-anos-80-viendo-su-hijo-abrir-el-regalo-de-navidad.-3-1024x1024.png 1024w, https:\/\/4bears.com.br\/wordpress\/wp-content\/uploads\/2025\/01\/Mama-de-los-anos-80-viendo-su-hijo-abrir-el-regalo-de-navidad.-3-300x300.png 300w, https:\/\/4bears.com.br\/wordpress\/wp-content\/uploads\/2025\/01\/Mama-de-los-anos-80-viendo-su-hijo-abrir-el-regalo-de-navidad.-3-150x150.png 150w, https:\/\/4bears.com.br\/wordpress\/wp-content\/uploads\/2025\/01\/Mama-de-los-anos-80-viendo-su-hijo-abrir-el-regalo-de-navidad.-3-768x768.png 768w, https:\/\/4bears.com.br\/wordpress\/wp-content\/uploads\/2025\/01\/Mama-de-los-anos-80-viendo-su-hijo-abrir-el-regalo-de-navidad.-3-250x250.png 250w, https:\/\/4bears.com.br\/wordpress\/wp-content\/uploads\/2025\/01\/Mama-de-los-anos-80-viendo-su-hijo-abrir-el-regalo-de-navidad.-3.png 1080w\" sizes=\"(max-width: 1024px) 100vw, 1024px\" \/>\t\t\t\t\t\t\t\t\t\t\t\t\t\t\t<\/div>\n\t\t\t\t<\/div>\n\t\t\t\t\t<\/div>\n\t\t<\/div>\n\t\t\t\t<div class=\"elementor-column elementor-col-33 elementor-inner-column elementor-element elementor-element-30d55d1b\" data-id=\"30d55d1b\" data-element_type=\"column\" data-e-type=\"column\">\n\t\t\t<div class=\"elementor-widget-wrap elementor-element-populated\">\n\t\t\t\t\t\t<div class=\"elementor-element elementor-element-5bbfc518 elementor-widget elementor-widget-image\" data-id=\"5bbfc518\" data-element_type=\"widget\" data-e-type=\"widget\" data-widget_type=\"image.default\">\n\t\t\t\t<div class=\"elementor-widget-container\">\n\t\t\t\t\t\t\t\t\t\t\t\t\t\t\t<img decoding=\"async\" width=\"350\" height=\"350\" src=\"https:\/\/4bears.com.br\/wordpress\/wp-content\/uploads\/2023\/08\/Novo-Projeto-2.png\" class=\"attachment-large size-large wp-image-1086\" alt=\"\" srcset=\"https:\/\/4bears.com.br\/wordpress\/wp-content\/uploads\/2023\/08\/Novo-Projeto-2.png 350w, https:\/\/4bears.com.br\/wordpress\/wp-content\/uploads\/2023\/08\/Novo-Projeto-2-300x300.png 300w, https:\/\/4bears.com.br\/wordpress\/wp-content\/uploads\/2023\/08\/Novo-Projeto-2-150x150.png 150w\" sizes=\"(max-width: 350px) 100vw, 350px\" \/>\t\t\t\t\t\t\t\t\t\t\t\t\t\t\t<\/div>\n\t\t\t\t<\/div>\n\t\t\t\t\t<\/div>\n\t\t<\/div>\n\t\t\t\t\t<\/div>\n\t\t<\/section>\n\t\t\t\t<section class=\"elementor-section elementor-inner-section elementor-element elementor-element-2bf684ac elementor-section-content-middle elementor-section-boxed elementor-section-height-default elementor-section-height-default\" data-id=\"2bf684ac\" data-element_type=\"section\" data-e-type=\"section\">\n\t\t\t\t\t\t<div class=\"elementor-container elementor-column-gap-no\">\n\t\t\t\t\t<div class=\"elementor-column elementor-col-100 elementor-inner-column elementor-element elementor-element-449bb62a\" data-id=\"449bb62a\" data-element_type=\"column\" data-e-type=\"column\">\n\t\t\t<div class=\"elementor-widget-wrap\">\n\t\t\t\t\t\t\t<\/div>\n\t\t<\/div>\n\t\t\t\t\t<\/div>\n\t\t<\/section>\n\t\t\t\t\t<\/div>\n\t\t<\/div>\n\t\t\t\t\t<\/div>\n\t\t<\/section>\n\t\t\t\t<\/div>\n\t\t","protected":false},"excerpt":{"rendered":"<p>Solu\u00e7\u00f5es Mainframe A chave para o sucesso dos nossos parceiros est\u00e1 na agilidade e na estrat\u00e9gia. Eles compreenderam que a inova\u00e7\u00e3o exige uma mentalidade flex\u00edvel e aberta \u00e0 mudan\u00e7a. Ao mesmo tempo, eles alinharam suas estrat\u00e9gias de neg\u00f3cios com as capacidades avan\u00e7adas do mainframe de \u00faltima gera\u00e7\u00e3o. Isso lhes permitiu n\u00e3o apenas adotar as tecnologias &hellip;<\/p>\n<p class=\"read-more\"> <a class=\"\" href=\"https:\/\/4bears.com.br\/wordpress\/solucao-mainframe\/\"> <span class=\"screen-reader-text\">Solu\u00e7\u00e3o Mainframe<\/span> Leia mais &raquo;<\/a><\/p>\n","protected":false},"author":1,"featured_media":0,"parent":0,"menu_order":0,"comment_status":"closed","ping_status":"closed","template":"elementor_header_footer","meta":{"site-sidebar-layout":"no-sidebar","site-content-layout":"page-builder","ast-global-header-display":"","ast-banner-title-visibility":"","ast-main-header-display":"","ast-hfb-above-header-display":"","ast-hfb-below-header-display":"","ast-hfb-mobile-header-display":"","site-post-title":"disabled","ast-breadcrumbs-content":"","ast-featured-img":"disabled","footer-sml-layout":"","theme-transparent-header-meta":"","adv-header-id-meta":"","stick-header-meta":"","header-above-stick-meta":"","header-main-stick-meta":"","header-below-stick-meta":"","_joinchat":[],"footnotes":""},"class_list":["post-1384","page","type-page","status-publish","hentry"],"_links":{"self":[{"href":"https:\/\/4bears.com.br\/wordpress\/wp-json\/wp\/v2\/pages\/1384","targetHints":{"allow":["GET"]}}],"collection":[{"href":"https:\/\/4bears.com.br\/wordpress\/wp-json\/wp\/v2\/pages"}],"about":[{"href":"https:\/\/4bears.com.br\/wordpress\/wp-json\/wp\/v2\/types\/page"}],"author":[{"embeddable":true,"href":"https:\/\/4bears.com.br\/wordpress\/wp-json\/wp\/v2\/users\/1"}],"replies":[{"embeddable":true,"href":"https:\/\/4bears.com.br\/wordpress\/wp-json\/wp\/v2\/comments?post=1384"}],"version-history":[{"count":47,"href":"https:\/\/4bears.com.br\/wordpress\/wp-json\/wp\/v2\/pages\/1384\/revisions"}],"predecessor-version":[{"id":2981,"href":"https:\/\/4bears.com.br\/wordpress\/wp-json\/wp\/v2\/pages\/1384\/revisions\/2981"}],"wp:attachment":[{"href":"https:\/\/4bears.com.br\/wordpress\/wp-json\/wp\/v2\/media?parent=1384"}],"curies":[{"name":"wp","href":"https:\/\/api.w.org\/{rel}","templated":true}]}}