{"id":1411,"date":"2023-08-14T16:55:26","date_gmt":"2023-08-14T19:55:26","guid":{"rendered":"http:\/\/br902.teste.website\/~dwebte41\/?page_id=1411"},"modified":"2025-10-10T16:39:15","modified_gmt":"2025-10-10T19:39:15","slug":"solucoes-de-modernizacao-de-aplicacoes","status":"publish","type":"page","link":"https:\/\/4bears.com.br\/wordpress\/solucoes-de-modernizacao-de-aplicacoes\/","title":{"rendered":"Solu\u00e7\u00f5es De Moderniza\u00e7\u00e3o De Aplica\u00e7\u00f5es"},"content":{"rendered":"\t\t<div data-elementor-type=\"wp-page\" data-elementor-id=\"1411\" class=\"elementor elementor-1411\" data-elementor-post-type=\"page\">\n\t\t\t\t\t\t<section class=\"elementor-section elementor-top-section elementor-element elementor-element-5fcae07 elementor-section-boxed elementor-section-height-default elementor-section-height-default\" data-id=\"5fcae07\" data-element_type=\"section\" data-e-type=\"section\">\n\t\t\t\t\t\t<div class=\"elementor-container elementor-column-gap-default\">\n\t\t\t\t\t<div class=\"elementor-column elementor-col-100 elementor-top-column elementor-element elementor-element-36e04d9\" data-id=\"36e04d9\" data-element_type=\"column\" data-e-type=\"column\" data-settings=\"{&quot;background_background&quot;:&quot;classic&quot;}\">\n\t\t\t<div class=\"elementor-widget-wrap elementor-element-populated\">\n\t\t\t\t\t\t<div class=\"elementor-element elementor-element-c8cf4b5 elementor-widget elementor-widget-heading\" data-id=\"c8cf4b5\" data-element_type=\"widget\" data-e-type=\"widget\" data-widget_type=\"heading.default\">\n\t\t\t\t<div class=\"elementor-widget-container\">\n\t\t\t\t\t<h2 class=\"elementor-heading-title elementor-size-default\">Solu\u00e7\u00f5es de Moderniza\u00e7\u00e3o de Aplica\u00e7\u00f5es<\/h2>\t\t\t\t<\/div>\n\t\t\t\t<\/div>\n\t\t\t\t<div class=\"elementor-element elementor-element-c5e7566 elementor-widget elementor-widget-text-editor\" data-id=\"c5e7566\" data-element_type=\"widget\" data-e-type=\"widget\" data-widget_type=\"text-editor.default\">\n\t\t\t\t<div class=\"elementor-widget-container\">\n\t\t\t\t\t\t\t\t\t<p>Nossos parceiros n\u00e3o veem a moderniza\u00e7\u00e3o de aplica\u00e7\u00f5es como um projeto \u00fanico, mas como um compromisso cont\u00ednuo com a excel\u00eancia tecnol\u00f3gica. Eles adotam uma mentalidade de evolu\u00e7\u00e3o constante, reconhecendo que o cen\u00e1rio tecnol\u00f3gico continuar\u00e1 a mudar. Ao priorizar a manuten\u00e7\u00e3o da agilidade e a flexibilidade em suas estrat\u00e9gias, eles garantem que suas aplica\u00e7\u00f5es permane\u00e7am relevantes e eficazes, independentemente das mudan\u00e7as no ambiente.<\/p><p>A moderniza\u00e7\u00e3o de aplica\u00e7\u00f5es \u00e9 um testemunho da vis\u00e3o e da determina\u00e7\u00e3o de nossos parceiros em moldar o futuro. Eles est\u00e3o transformando o presente, reconhecendo que a inova\u00e7\u00e3o \u00e9 a chave para sobreviver e prosperar em um mundo digital. Com abordagens inovadoras, ado\u00e7\u00e3o de tecnologias de ponta e um compromisso com a melhoria cont\u00ednua, nossos parceiros est\u00e3o definindo um novo padr\u00e3o para o sucesso empresarial no mundo moderno.<\/p>\t\t\t\t\t\t\t\t<\/div>\n\t\t\t\t<\/div>\n\t\t\t\t\t<\/div>\n\t\t<\/div>\n\t\t\t\t\t<\/div>\n\t\t<\/section>\n\t\t\t\t<section class=\"elementor-section elementor-top-section elementor-element elementor-element-445ee8e8 elementor-section-content-middle elementor-section-boxed elementor-section-height-default elementor-section-height-default\" data-id=\"445ee8e8\" data-element_type=\"section\" data-e-type=\"section\">\n\t\t\t\t\t\t<div class=\"elementor-container elementor-column-gap-no\">\n\t\t\t\t\t<div class=\"elementor-column elementor-col-100 elementor-top-column elementor-element elementor-element-9caa42c\" data-id=\"9caa42c\" data-element_type=\"column\" data-e-type=\"column\">\n\t\t\t<div class=\"elementor-widget-wrap elementor-element-populated\">\n\t\t\t\t\t\t<div class=\"elementor-element elementor-element-4008b5b4 elementor-widget elementor-widget-heading\" data-id=\"4008b5b4\" data-element_type=\"widget\" data-e-type=\"widget\" data-widget_type=\"heading.default\">\n\t\t\t\t<div class=\"elementor-widget-container\">\n\t\t\t\t\t<h4 class=\"elementor-heading-title elementor-size-default\">Nossos Parceiros<\/h4>\t\t\t\t<\/div>\n\t\t\t\t<\/div>\n\t\t\t\t<section class=\"elementor-section elementor-inner-section elementor-element elementor-element-4f36721f elementor-section-content-middle elementor-section-boxed elementor-section-height-default elementor-section-height-default\" data-id=\"4f36721f\" data-element_type=\"section\" data-e-type=\"section\">\n\t\t\t\t\t\t<div class=\"elementor-container elementor-column-gap-no\">\n\t\t\t\t\t<div class=\"elementor-column elementor-col-25 elementor-inner-column elementor-element elementor-element-4dedad7f\" data-id=\"4dedad7f\" data-element_type=\"column\" data-e-type=\"column\">\n\t\t\t<div class=\"elementor-widget-wrap elementor-element-populated\">\n\t\t\t\t\t\t<div class=\"elementor-element elementor-element-78be4be elementor-widget elementor-widget-image\" data-id=\"78be4be\" data-element_type=\"widget\" data-e-type=\"widget\" data-widget_type=\"image.default\">\n\t\t\t\t<div class=\"elementor-widget-container\">\n\t\t\t\t\t\t\t\t\t\t\t\t\t\t\t\t<a href=\"https:\/\/greenoceantec.com\/\">\n\t\t\t\t\t\t\t<img fetchpriority=\"high\" decoding=\"async\" width=\"1024\" height=\"548\" src=\"https:\/\/4bears.com.br\/wordpress\/wp-content\/uploads\/2025\/06\/gotpretovert-1024x548.png\" class=\"attachment-large size-large wp-image-2875\" alt=\"\" srcset=\"https:\/\/4bears.com.br\/wordpress\/wp-content\/uploads\/2025\/06\/gotpretovert-1024x548.png 1024w, https:\/\/4bears.com.br\/wordpress\/wp-content\/uploads\/2025\/06\/gotpretovert-300x160.png 300w, https:\/\/4bears.com.br\/wordpress\/wp-content\/uploads\/2025\/06\/gotpretovert-768x411.png 768w, https:\/\/4bears.com.br\/wordpress\/wp-content\/uploads\/2025\/06\/gotpretovert-1536x821.png 1536w, https:\/\/4bears.com.br\/wordpress\/wp-content\/uploads\/2025\/06\/gotpretovert-2048x1095.png 2048w\" sizes=\"(max-width: 1024px) 100vw, 1024px\" \/>\t\t\t\t\t\t\t\t<\/a>\n\t\t\t\t\t\t\t\t\t\t\t\t\t\t\t<\/div>\n\t\t\t\t<\/div>\n\t\t\t\t\t<\/div>\n\t\t<\/div>\n\t\t\t\t<div class=\"elementor-column elementor-col-25 elementor-inner-column elementor-element elementor-element-39ee72b3\" data-id=\"39ee72b3\" data-element_type=\"column\" data-e-type=\"column\">\n\t\t\t<div class=\"elementor-widget-wrap elementor-element-populated\">\n\t\t\t\t\t\t<div class=\"elementor-element elementor-element-752d7a01 elementor-widget elementor-widget-image\" data-id=\"752d7a01\" data-element_type=\"widget\" data-e-type=\"widget\" data-widget_type=\"image.default\">\n\t\t\t\t<div class=\"elementor-widget-container\">\n\t\t\t\t\t\t\t\t\t\t\t\t\t\t\t<img decoding=\"async\" width=\"350\" height=\"350\" src=\"https:\/\/4bears.com.br\/wordpress\/wp-content\/uploads\/2023\/08\/Novo-Projeto-8.png\" class=\"attachment-large size-large wp-image-1111\" alt=\"\" srcset=\"https:\/\/4bears.com.br\/wordpress\/wp-content\/uploads\/2023\/08\/Novo-Projeto-8.png 350w, https:\/\/4bears.com.br\/wordpress\/wp-content\/uploads\/2023\/08\/Novo-Projeto-8-300x300.png 300w, https:\/\/4bears.com.br\/wordpress\/wp-content\/uploads\/2023\/08\/Novo-Projeto-8-150x150.png 150w\" sizes=\"(max-width: 350px) 100vw, 350px\" \/>\t\t\t\t\t\t\t\t\t\t\t\t\t\t\t<\/div>\n\t\t\t\t<\/div>\n\t\t\t\t\t<\/div>\n\t\t<\/div>\n\t\t\t\t<div class=\"elementor-column elementor-col-25 elementor-inner-column elementor-element elementor-element-3f7f3ea1\" data-id=\"3f7f3ea1\" data-element_type=\"column\" data-e-type=\"column\">\n\t\t\t<div class=\"elementor-widget-wrap elementor-element-populated\">\n\t\t\t\t\t\t<div class=\"elementor-element elementor-element-4a763f0e elementor-widget elementor-widget-image\" data-id=\"4a763f0e\" data-element_type=\"widget\" data-e-type=\"widget\" data-widget_type=\"image.default\">\n\t\t\t\t<div class=\"elementor-widget-container\">\n\t\t\t\t\t\t\t\t\t\t\t\t\t\t\t<img decoding=\"async\" width=\"350\" height=\"350\" src=\"https:\/\/4bears.com.br\/wordpress\/wp-content\/uploads\/2023\/08\/Novo-Projeto-11.png\" class=\"attachment-large size-large wp-image-1118\" alt=\"\" srcset=\"https:\/\/4bears.com.br\/wordpress\/wp-content\/uploads\/2023\/08\/Novo-Projeto-11.png 350w, https:\/\/4bears.com.br\/wordpress\/wp-content\/uploads\/2023\/08\/Novo-Projeto-11-300x300.png 300w, https:\/\/4bears.com.br\/wordpress\/wp-content\/uploads\/2023\/08\/Novo-Projeto-11-150x150.png 150w\" sizes=\"(max-width: 350px) 100vw, 350px\" \/>\t\t\t\t\t\t\t\t\t\t\t\t\t\t\t<\/div>\n\t\t\t\t<\/div>\n\t\t\t\t\t<\/div>\n\t\t<\/div>\n\t\t\t\t<div class=\"elementor-column elementor-col-25 elementor-inner-column elementor-element elementor-element-753b7e37\" data-id=\"753b7e37\" data-element_type=\"column\" data-e-type=\"column\">\n\t\t\t<div class=\"elementor-widget-wrap elementor-element-populated\">\n\t\t\t\t\t\t<div class=\"elementor-element elementor-element-75b13a23 elementor-widget elementor-widget-image\" data-id=\"75b13a23\" data-element_type=\"widget\" data-e-type=\"widget\" data-widget_type=\"image.default\">\n\t\t\t\t<div class=\"elementor-widget-container\">\n\t\t\t\t\t\t\t\t\t\t\t\t\t\t\t<img loading=\"lazy\" decoding=\"async\" width=\"350\" height=\"350\" src=\"https:\/\/4bears.com.br\/wordpress\/wp-content\/uploads\/2023\/08\/Novo-Projeto-12.png\" class=\"attachment-large size-large wp-image-1119\" alt=\"\" srcset=\"https:\/\/4bears.com.br\/wordpress\/wp-content\/uploads\/2023\/08\/Novo-Projeto-12.png 350w, https:\/\/4bears.com.br\/wordpress\/wp-content\/uploads\/2023\/08\/Novo-Projeto-12-300x300.png 300w, https:\/\/4bears.com.br\/wordpress\/wp-content\/uploads\/2023\/08\/Novo-Projeto-12-150x150.png 150w\" sizes=\"(max-width: 350px) 100vw, 350px\" \/>\t\t\t\t\t\t\t\t\t\t\t\t\t\t\t<\/div>\n\t\t\t\t<\/div>\n\t\t\t\t\t<\/div>\n\t\t<\/div>\n\t\t\t\t\t<\/div>\n\t\t<\/section>\n\t\t\t\t<section class=\"elementor-section elementor-inner-section elementor-element elementor-element-1a55c6f4 elementor-section-content-middle elementor-section-boxed elementor-section-height-default elementor-section-height-default\" data-id=\"1a55c6f4\" data-element_type=\"section\" data-e-type=\"section\">\n\t\t\t\t\t\t<div class=\"elementor-container elementor-column-gap-no\">\n\t\t\t\t\t<div class=\"elementor-column elementor-col-50 elementor-inner-column elementor-element elementor-element-2d888665\" data-id=\"2d888665\" data-element_type=\"column\" data-e-type=\"column\">\n\t\t\t<div class=\"elementor-widget-wrap elementor-element-populated\">\n\t\t\t\t\t\t<div class=\"elementor-element elementor-element-704a8a2c elementor-widget elementor-widget-image\" data-id=\"704a8a2c\" data-element_type=\"widget\" data-e-type=\"widget\" data-widget_type=\"image.default\">\n\t\t\t\t<div class=\"elementor-widget-container\">\n\t\t\t\t\t\t\t\t\t\t\t\t\t\t\t<img loading=\"lazy\" decoding=\"async\" width=\"350\" height=\"350\" src=\"https:\/\/4bears.com.br\/wordpress\/wp-content\/uploads\/2023\/08\/Novo-Projeto-13.png\" class=\"attachment-large size-large wp-image-1123\" alt=\"\" srcset=\"https:\/\/4bears.com.br\/wordpress\/wp-content\/uploads\/2023\/08\/Novo-Projeto-13.png 350w, https:\/\/4bears.com.br\/wordpress\/wp-content\/uploads\/2023\/08\/Novo-Projeto-13-300x300.png 300w, https:\/\/4bears.com.br\/wordpress\/wp-content\/uploads\/2023\/08\/Novo-Projeto-13-150x150.png 150w\" sizes=\"(max-width: 350px) 100vw, 350px\" \/>\t\t\t\t\t\t\t\t\t\t\t\t\t\t\t<\/div>\n\t\t\t\t<\/div>\n\t\t\t\t\t<\/div>\n\t\t<\/div>\n\t\t\t\t<div class=\"elementor-column elementor-col-50 elementor-inner-column elementor-element elementor-element-357dafe2\" data-id=\"357dafe2\" data-element_type=\"column\" data-e-type=\"column\">\n\t\t\t<div class=\"elementor-widget-wrap elementor-element-populated\">\n\t\t\t\t\t\t\t<\/div>\n\t\t<\/div>\n\t\t\t\t\t<\/div>\n\t\t<\/section>\n\t\t\t\t\t<\/div>\n\t\t<\/div>\n\t\t\t\t\t<\/div>\n\t\t<\/section>\n\t\t\t\t<section class=\"elementor-section elementor-top-section elementor-element elementor-element-392d6ca5 elementor-section-boxed elementor-section-height-default elementor-section-height-default\" data-id=\"392d6ca5\" data-element_type=\"section\" data-e-type=\"section\">\n\t\t\t\t\t\t<div class=\"elementor-container elementor-column-gap-default\">\n\t\t\t\t\t<div class=\"elementor-column elementor-col-100 elementor-top-column elementor-element elementor-element-4e6a8b5\" data-id=\"4e6a8b5\" data-element_type=\"column\" data-e-type=\"column\">\n\t\t\t<div class=\"elementor-widget-wrap elementor-element-populated\">\n\t\t\t\t\t\t<div class=\"elementor-element elementor-element-2e03b742 elementor-widget elementor-widget-spacer\" data-id=\"2e03b742\" data-element_type=\"widget\" data-e-type=\"widget\" data-widget_type=\"spacer.default\">\n\t\t\t\t<div class=\"elementor-widget-container\">\n\t\t\t\t\t\t\t<div class=\"elementor-spacer\">\n\t\t\t<div class=\"elementor-spacer-inner\"><\/div>\n\t\t<\/div>\n\t\t\t\t\t\t<\/div>\n\t\t\t\t<\/div>\n\t\t\t\t\t<\/div>\n\t\t<\/div>\n\t\t\t\t\t<\/div>\n\t\t<\/section>\n\t\t\t\t<\/div>\n\t\t","protected":false},"excerpt":{"rendered":"<p>Solu\u00e7\u00f5es de Moderniza\u00e7\u00e3o de Aplica\u00e7\u00f5es Nossos parceiros n\u00e3o veem a moderniza\u00e7\u00e3o de aplica\u00e7\u00f5es como um projeto \u00fanico, mas como um compromisso cont\u00ednuo com a excel\u00eancia tecnol\u00f3gica. Eles adotam uma mentalidade de evolu\u00e7\u00e3o constante, reconhecendo que o cen\u00e1rio tecnol\u00f3gico continuar\u00e1 a mudar. Ao priorizar a manuten\u00e7\u00e3o da agilidade e a flexibilidade em suas estrat\u00e9gias, eles garantem &hellip;<\/p>\n<p class=\"read-more\"> <a class=\"\" href=\"https:\/\/4bears.com.br\/wordpress\/solucoes-de-modernizacao-de-aplicacoes\/\"> <span class=\"screen-reader-text\">Solu\u00e7\u00f5es De Moderniza\u00e7\u00e3o De Aplica\u00e7\u00f5es<\/span> Leia mais &raquo;<\/a><\/p>\n","protected":false},"author":1,"featured_media":0,"parent":0,"menu_order":0,"comment_status":"closed","ping_status":"closed","template":"elementor_header_footer","meta":{"site-sidebar-layout":"no-sidebar","site-content-layout":"page-builder","ast-global-header-display":"","ast-banner-title-visibility":"","ast-main-header-display":"","ast-hfb-above-header-display":"","ast-hfb-below-header-display":"","ast-hfb-mobile-header-display":"","site-post-title":"disabled","ast-breadcrumbs-content":"","ast-featured-img":"disabled","footer-sml-layout":"","theme-transparent-header-meta":"","adv-header-id-meta":"","stick-header-meta":"","header-above-stick-meta":"","header-main-stick-meta":"","header-below-stick-meta":"","_joinchat":[],"footnotes":""},"class_list":["post-1411","page","type-page","status-publish","hentry"],"_links":{"self":[{"href":"https:\/\/4bears.com.br\/wordpress\/wp-json\/wp\/v2\/pages\/1411","targetHints":{"allow":["GET"]}}],"collection":[{"href":"https:\/\/4bears.com.br\/wordpress\/wp-json\/wp\/v2\/pages"}],"about":[{"href":"https:\/\/4bears.com.br\/wordpress\/wp-json\/wp\/v2\/types\/page"}],"author":[{"embeddable":true,"href":"https:\/\/4bears.com.br\/wordpress\/wp-json\/wp\/v2\/users\/1"}],"replies":[{"embeddable":true,"href":"https:\/\/4bears.com.br\/wordpress\/wp-json\/wp\/v2\/comments?post=1411"}],"version-history":[{"count":26,"href":"https:\/\/4bears.com.br\/wordpress\/wp-json\/wp\/v2\/pages\/1411\/revisions"}],"predecessor-version":[{"id":2987,"href":"https:\/\/4bears.com.br\/wordpress\/wp-json\/wp\/v2\/pages\/1411\/revisions\/2987"}],"wp:attachment":[{"href":"https:\/\/4bears.com.br\/wordpress\/wp-json\/wp\/v2\/media?parent=1411"}],"curies":[{"name":"wp","href":"https:\/\/api.w.org\/{rel}","templated":true}]}}