{"id":2944,"date":"2025-10-10T13:23:54","date_gmt":"2025-10-10T16:23:54","guid":{"rendered":"https:\/\/4bears.com.br\/wordpress\/?page_id=2944"},"modified":"2025-10-10T14:11:20","modified_gmt":"2025-10-10T17:11:20","slug":"sobre-nos","status":"publish","type":"page","link":"https:\/\/4bears.com.br\/wordpress\/sobre-nos\/","title":{"rendered":"Sobre N\u00f3s"},"content":{"rendered":"\t\t<div data-elementor-type=\"wp-page\" data-elementor-id=\"2944\" class=\"elementor elementor-2944\" data-elementor-post-type=\"page\">\n\t\t\t\t\t\t<section class=\"elementor-section elementor-top-section elementor-element elementor-element-2121c81 elementor-section-full_width elementor-section-height-default elementor-section-height-default\" data-id=\"2121c81\" data-element_type=\"section\" data-e-type=\"section\" data-settings=\"{&quot;background_background&quot;:&quot;classic&quot;}\">\n\t\t\t\t\t\t<div class=\"elementor-container elementor-column-gap-default\">\n\t\t\t\t\t<div class=\"elementor-column elementor-col-100 elementor-top-column elementor-element elementor-element-58b86a8\" data-id=\"58b86a8\" data-element_type=\"column\" data-e-type=\"column\">\n\t\t\t<div class=\"elementor-widget-wrap elementor-element-populated\">\n\t\t\t\t\t\t<div class=\"elementor-element elementor-element-8129c01 elementor-widget elementor-widget-heading\" data-id=\"8129c01\" data-element_type=\"widget\" data-e-type=\"widget\" data-widget_type=\"heading.default\">\n\t\t\t\t<div class=\"elementor-widget-container\">\n\t\t\t\t\t<h2 class=\"elementor-heading-title elementor-size-default\">VALORES<\/h2>\t\t\t\t<\/div>\n\t\t\t\t<\/div>\n\t\t\t\t<div class=\"elementor-element elementor-element-985e2b4 elementor-widget elementor-widget-heading\" data-id=\"985e2b4\" data-element_type=\"widget\" data-e-type=\"widget\" data-widget_type=\"heading.default\">\n\t\t\t\t<div class=\"elementor-widget-container\">\n\t\t\t\t\t<h2 class=\"elementor-heading-title elementor-size-default\">Engajados com a \u00c9tica e o Respeito aos Valores Humanos<\/h2>\t\t\t\t<\/div>\n\t\t\t\t<\/div>\n\t\t\t\t\t<\/div>\n\t\t<\/div>\n\t\t\t\t\t<\/div>\n\t\t<\/section>\n\t\t\t\t<section class=\"elementor-section elementor-top-section elementor-element elementor-element-55ccfa7 elementor-section-boxed elementor-section-height-default elementor-section-height-default\" data-id=\"55ccfa7\" data-element_type=\"section\" data-e-type=\"section\">\n\t\t\t\t\t\t<div class=\"elementor-container elementor-column-gap-default\">\n\t\t\t\t\t<div class=\"elementor-column elementor-col-50 elementor-top-column elementor-element elementor-element-4b7ee10\" data-id=\"4b7ee10\" data-element_type=\"column\" data-e-type=\"column\">\n\t\t\t<div class=\"elementor-widget-wrap elementor-element-populated\">\n\t\t\t\t\t\t<div class=\"elementor-element elementor-element-f8b27d4 elementor-widget__width-inherit elementor-widget elementor-widget-image\" data-id=\"f8b27d4\" data-element_type=\"widget\" data-e-type=\"widget\" data-widget_type=\"image.default\">\n\t\t\t\t<div class=\"elementor-widget-container\">\n\t\t\t\t\t\t\t\t\t\t\t\t\t\t\t<img fetchpriority=\"high\" decoding=\"async\" width=\"576\" height=\"1024\" src=\"https:\/\/4bears.com.br\/wordpress\/wp-content\/uploads\/2025\/10\/Untitled-design-17-576x1024.png\" class=\"attachment-large size-large wp-image-2948\" alt=\"\" srcset=\"https:\/\/4bears.com.br\/wordpress\/wp-content\/uploads\/2025\/10\/Untitled-design-17-576x1024.png 576w, https:\/\/4bears.com.br\/wordpress\/wp-content\/uploads\/2025\/10\/Untitled-design-17-169x300.png 169w, https:\/\/4bears.com.br\/wordpress\/wp-content\/uploads\/2025\/10\/Untitled-design-17-768x1365.png 768w, https:\/\/4bears.com.br\/wordpress\/wp-content\/uploads\/2025\/10\/Untitled-design-17-864x1536.png 864w, https:\/\/4bears.com.br\/wordpress\/wp-content\/uploads\/2025\/10\/Untitled-design-17.png 1080w\" sizes=\"(max-width: 576px) 100vw, 576px\" \/>\t\t\t\t\t\t\t\t\t\t\t\t\t\t\t<\/div>\n\t\t\t\t<\/div>\n\t\t\t\t\t<\/div>\n\t\t<\/div>\n\t\t\t\t<div class=\"elementor-column elementor-col-50 elementor-top-column elementor-element elementor-element-468e51d\" data-id=\"468e51d\" data-element_type=\"column\" data-e-type=\"column\">\n\t\t\t<div class=\"elementor-widget-wrap elementor-element-populated\">\n\t\t\t\t\t\t<div class=\"elementor-element elementor-element-708defe elementor-widget elementor-widget-heading\" data-id=\"708defe\" data-element_type=\"widget\" data-e-type=\"widget\" data-widget_type=\"heading.default\">\n\t\t\t\t<div class=\"elementor-widget-container\">\n\t\t\t\t\t<h2 class=\"elementor-heading-title elementor-size-default\">4Bears Technologies\nForma\u00e7\u00e3o e Desenvolvimento<\/h2>\t\t\t\t<\/div>\n\t\t\t\t<\/div>\n\t\t\t\t<div class=\"elementor-element elementor-element-266a88c elementor-widget elementor-widget-text-editor\" data-id=\"266a88c\" data-element_type=\"widget\" data-e-type=\"widget\" data-widget_type=\"text-editor.default\">\n\t\t\t\t<div class=\"elementor-widget-container\">\n\t\t\t\t\t\t\t\t\t<p data-start=\"147\" data-end=\"427\"><strong data-start=\"147\" data-end=\"427\">Na 4Bears Technologies, nossos eventos v\u00e3o al\u00e9m da apresenta\u00e7\u00e3o de solu\u00e7\u00f5es em tecnologia. S\u00e3o experi\u00eancias criadas para informar, inspirar e capacitar pessoas, promovendo o desenvolvimento humano e profissional em sintonia com os valores que fundamentam a nossa atua\u00e7\u00e3o.<\/strong><\/p><p data-start=\"429\" data-end=\"749\"><strong data-start=\"429\" data-end=\"452\">Miss\u00e3o em Movimento<\/strong> \u2013 A cada encontro, demonstramos na pr\u00e1tica como aplicamos a \u00e9tica, o sigilo e a efici\u00eancia na entrega de solu\u00e7\u00f5es em Tecnologias da Informa\u00e7\u00e3o e Comunica\u00e7\u00e3o (TIC). Compartilhamos conhecimento e boas pr\u00e1ticas com nossos colaboradores, clientes e parceiros, fortalecendo a confian\u00e7a e a coopera\u00e7\u00e3o.<\/p><p data-start=\"751\" data-end=\"1036\"><strong data-start=\"751\" data-end=\"774\">Olhar para o Futuro<\/strong> \u2013 Nossos eventos s\u00e3o espa\u00e7os de reflex\u00e3o sobre o impacto da tecnologia na sociedade. Promovemos o di\u00e1logo sobre inova\u00e7\u00e3o, sustentabilidade e transforma\u00e7\u00e3o social, contribuindo para a forma\u00e7\u00e3o de profissionais preparados para os desafios do presente e do futuro.<\/p><p data-start=\"1038\" data-end=\"1327\"><strong data-start=\"1038\" data-end=\"1063\">Valores que Sustentam<\/strong> \u2013 \u00c9tica, transpar\u00eancia, inova\u00e7\u00e3o, responsabilidade socioambiental e respeito \u00e0s pessoas est\u00e3o no centro de todas as nossas a\u00e7\u00f5es. Esses princ\u00edpios orientam cada oficina, palestra e treinamento que promovemos, servindo como base s\u00f3lida para o crescimento coletivo.<\/p>\t\t\t\t\t\t\t\t<\/div>\n\t\t\t\t<\/div>\n\t\t\t\t\t<\/div>\n\t\t<\/div>\n\t\t\t\t\t<\/div>\n\t\t<\/section>\n\t\t\t\t<section class=\"elementor-section elementor-top-section elementor-element elementor-element-3ea3b6d elementor-section-boxed elementor-section-height-default elementor-section-height-default\" data-id=\"3ea3b6d\" data-element_type=\"section\" data-e-type=\"section\" data-settings=\"{&quot;background_background&quot;:&quot;classic&quot;}\">\n\t\t\t\t\t\t<div class=\"elementor-container elementor-column-gap-default\">\n\t\t\t\t\t<div class=\"elementor-column elementor-col-33 elementor-top-column elementor-element elementor-element-8785751\" data-id=\"8785751\" data-element_type=\"column\" data-e-type=\"column\">\n\t\t\t<div class=\"elementor-widget-wrap elementor-element-populated\">\n\t\t\t\t\t\t<div class=\"elementor-element elementor-element-f2d1eb3 elementor-widget elementor-widget-image\" data-id=\"f2d1eb3\" data-element_type=\"widget\" data-e-type=\"widget\" data-widget_type=\"image.default\">\n\t\t\t\t<div class=\"elementor-widget-container\">\n\t\t\t\t\t\t\t\t\t\t\t\t\t\t\t<img decoding=\"async\" width=\"1024\" height=\"768\" src=\"https:\/\/4bears.com.br\/wordpress\/wp-content\/uploads\/2025\/10\/aw6-1024x768-1.png\" class=\"attachment-large size-large wp-image-2949\" alt=\"\" srcset=\"https:\/\/4bears.com.br\/wordpress\/wp-content\/uploads\/2025\/10\/aw6-1024x768-1.png 1024w, https:\/\/4bears.com.br\/wordpress\/wp-content\/uploads\/2025\/10\/aw6-1024x768-1-300x225.png 300w, https:\/\/4bears.com.br\/wordpress\/wp-content\/uploads\/2025\/10\/aw6-1024x768-1-768x576.png 768w\" sizes=\"(max-width: 1024px) 100vw, 1024px\" \/>\t\t\t\t\t\t\t\t\t\t\t\t\t\t\t<\/div>\n\t\t\t\t<\/div>\n\t\t\t\t\t<\/div>\n\t\t<\/div>\n\t\t\t\t<div class=\"elementor-column elementor-col-33 elementor-top-column elementor-element elementor-element-480c2f2\" data-id=\"480c2f2\" data-element_type=\"column\" data-e-type=\"column\">\n\t\t\t<div class=\"elementor-widget-wrap elementor-element-populated\">\n\t\t\t\t\t\t<div class=\"elementor-element elementor-element-ccd0f2e elementor-widget elementor-widget-image\" data-id=\"ccd0f2e\" data-element_type=\"widget\" data-e-type=\"widget\" data-widget_type=\"image.default\">\n\t\t\t\t<div class=\"elementor-widget-container\">\n\t\t\t\t\t\t\t\t\t\t\t\t\t\t\t<img decoding=\"async\" width=\"1024\" height=\"768\" src=\"https:\/\/4bears.com.br\/wordpress\/wp-content\/uploads\/2025\/10\/WhatsApp-Image-2025-04-26-at-10.23.27-1024x768-1.jpeg\" class=\"attachment-large size-large wp-image-2951\" alt=\"\" srcset=\"https:\/\/4bears.com.br\/wordpress\/wp-content\/uploads\/2025\/10\/WhatsApp-Image-2025-04-26-at-10.23.27-1024x768-1.jpeg 1024w, https:\/\/4bears.com.br\/wordpress\/wp-content\/uploads\/2025\/10\/WhatsApp-Image-2025-04-26-at-10.23.27-1024x768-1-300x225.jpeg 300w, https:\/\/4bears.com.br\/wordpress\/wp-content\/uploads\/2025\/10\/WhatsApp-Image-2025-04-26-at-10.23.27-1024x768-1-768x576.jpeg 768w\" sizes=\"(max-width: 1024px) 100vw, 1024px\" \/>\t\t\t\t\t\t\t\t\t\t\t\t\t\t\t<\/div>\n\t\t\t\t<\/div>\n\t\t\t\t\t<\/div>\n\t\t<\/div>\n\t\t\t\t<div class=\"elementor-column elementor-col-33 elementor-top-column elementor-element elementor-element-6f71de5\" data-id=\"6f71de5\" data-element_type=\"column\" data-e-type=\"column\">\n\t\t\t<div class=\"elementor-widget-wrap elementor-element-populated\">\n\t\t\t\t\t\t<div class=\"elementor-element elementor-element-f2b50d6 elementor-widget elementor-widget-image\" data-id=\"f2b50d6\" data-element_type=\"widget\" data-e-type=\"widget\" data-widget_type=\"image.default\">\n\t\t\t\t<div class=\"elementor-widget-container\">\n\t\t\t\t\t\t\t\t\t\t\t\t\t\t\t<img loading=\"lazy\" decoding=\"async\" width=\"1024\" height=\"768\" src=\"https:\/\/4bears.com.br\/wordpress\/wp-content\/uploads\/2025\/10\/aw3-1024x768-1.png\" class=\"attachment-large size-large wp-image-2950\" alt=\"\" srcset=\"https:\/\/4bears.com.br\/wordpress\/wp-content\/uploads\/2025\/10\/aw3-1024x768-1.png 1024w, https:\/\/4bears.com.br\/wordpress\/wp-content\/uploads\/2025\/10\/aw3-1024x768-1-300x225.png 300w, https:\/\/4bears.com.br\/wordpress\/wp-content\/uploads\/2025\/10\/aw3-1024x768-1-768x576.png 768w\" sizes=\"(max-width: 1024px) 100vw, 1024px\" \/>\t\t\t\t\t\t\t\t\t\t\t\t\t\t\t<\/div>\n\t\t\t\t<\/div>\n\t\t\t\t\t<\/div>\n\t\t<\/div>\n\t\t\t\t\t<\/div>\n\t\t<\/section>\n\t\t\t\t<section class=\"elementor-section elementor-top-section elementor-element elementor-element-bbda249 elementor-section-boxed elementor-section-height-default elementor-section-height-default\" data-id=\"bbda249\" data-element_type=\"section\" data-e-type=\"section\">\n\t\t\t\t\t\t<div class=\"elementor-container elementor-column-gap-default\">\n\t\t\t\t\t<div class=\"elementor-column elementor-col-50 elementor-top-column elementor-element elementor-element-6866a9c\" data-id=\"6866a9c\" data-element_type=\"column\" data-e-type=\"column\">\n\t\t\t<div class=\"elementor-widget-wrap elementor-element-populated\">\n\t\t\t\t\t\t<div class=\"elementor-element elementor-element-0dc65e3 elementor-widget elementor-widget-heading\" data-id=\"0dc65e3\" data-element_type=\"widget\" data-e-type=\"widget\" data-widget_type=\"heading.default\">\n\t\t\t\t<div class=\"elementor-widget-container\">\n\t\t\t\t\t<h2 class=\"elementor-heading-title elementor-size-default\">Governan\u00e7a, Direitos Humanos e Compromisso<\/h2>\t\t\t\t<\/div>\n\t\t\t\t<\/div>\n\t\t\t\t<div class=\"elementor-element elementor-element-34c23e7 elementor-widget elementor-widget-text-editor\" data-id=\"34c23e7\" data-element_type=\"widget\" data-e-type=\"widget\" data-widget_type=\"text-editor.default\">\n\t\t\t\t<div class=\"elementor-widget-container\">\n\t\t\t\t\t\t\t\t\t<p data-start=\"199\" data-end=\"495\"><strong data-start=\"199\" data-end=\"228\">Conformidade e Governan\u00e7a<\/strong> \u2013 Compartilhamos nossas pr\u00e1ticas voltadas \u00e0 integridade corporativa, \u00e0 prote\u00e7\u00e3o de dados, ao combate \u00e0 corrup\u00e7\u00e3o e aos processos de auditoria, formando profissionais conscientes da import\u00e2ncia da legalidade, da \u00e9tica e da transpar\u00eancia nos ambientes organizacionais.<\/p><p data-start=\"497\" data-end=\"757\"><strong data-start=\"497\" data-end=\"540\">Direitos Humanos e Rela\u00e7\u00f5es de Trabalho<\/strong> \u2013 Reafirmamos nosso compromisso com a inclus\u00e3o, a diversidade e a igualdade de oportunidades, incentivando os participantes a incorporar e multiplicar esses valores em suas jornadas profissionais e contextos sociais.<\/p><p data-start=\"759\" data-end=\"1034\"><strong data-start=\"759\" data-end=\"804\">Intelig\u00eancia Artificial e Gest\u00e3o de Dados<\/strong> \u2013 Nossos pain\u00e9is promovem debates sobre o uso \u00e9tico, seguro e inovador da Intelig\u00eancia Artificial, preparando os participantes para lidar com dados de maneira respons\u00e1vel, estrat\u00e9gica e alinhada \u00e0s melhores pr\u00e1ticas tecnol\u00f3gicas.<\/p><p data-start=\"1036\" data-end=\"1304\"><strong data-start=\"1036\" data-end=\"1082\">Crescimento e Desenvolvimento Profissional<\/strong> \u2013 Cada evento \u00e9 uma oportunidade de fortalecer condutas \u00e9ticas, prevenir conflitos de interesse e incentivar a busca constante pela excel\u00eancia, promovendo equipes alinhadas \u00e0 nossa cultura de qualidade e responsabilidade.<\/p><p data-start=\"1306\" data-end=\"1591\"><strong data-start=\"1306\" data-end=\"1351\">Sustentabilidade e Parcerias Estrat\u00e9gicas<\/strong> \u2013 Apresentamos os crit\u00e9rios que norteiam a escolha e o relacionamento com fornecedores, parceiros e clientes, sempre baseados em princ\u00edpios \u00e9ticos, compromisso ambiental e foco em inova\u00e7\u00e3o, consolidando uma rede colaborativa e sustent\u00e1vel.<\/p><p data-start=\"1593\" data-end=\"1878\"><strong data-start=\"1593\" data-end=\"1626\">Comprometimento Institucional<\/strong> \u2013 Encerramos cada encontro reafirmando nosso posicionamento de responsabilidade institucional, com foco na transpar\u00eancia, na escuta ativa da sociedade e na melhoria cont\u00ednua, convidando todos a se engajarem em uma trajet\u00f3ria coletiva de transforma\u00e7\u00e3o.<\/p>\t\t\t\t\t\t\t\t<\/div>\n\t\t\t\t<\/div>\n\t\t\t\t\t<\/div>\n\t\t<\/div>\n\t\t\t\t<div class=\"elementor-column elementor-col-50 elementor-top-column elementor-element elementor-element-b22ab59\" data-id=\"b22ab59\" data-element_type=\"column\" data-e-type=\"column\" data-settings=\"{&quot;background_background&quot;:&quot;classic&quot;}\">\n\t\t\t<div class=\"elementor-widget-wrap\">\n\t\t\t\t\t\t\t<\/div>\n\t\t<\/div>\n\t\t\t\t\t<\/div>\n\t\t<\/section>\n\t\t\t\t<section class=\"elementor-section elementor-top-section elementor-element elementor-element-8691dcb elementor-section-boxed elementor-section-height-default elementor-section-height-default\" data-id=\"8691dcb\" data-element_type=\"section\" data-e-type=\"section\" data-settings=\"{&quot;background_background&quot;:&quot;classic&quot;}\">\n\t\t\t\t\t\t<div class=\"elementor-container elementor-column-gap-default\">\n\t\t\t\t\t<div class=\"elementor-column elementor-col-33 elementor-top-column elementor-element elementor-element-ce82cd3\" data-id=\"ce82cd3\" data-element_type=\"column\" data-e-type=\"column\">\n\t\t\t<div class=\"elementor-widget-wrap elementor-element-populated\">\n\t\t\t\t\t\t<div class=\"elementor-element elementor-element-aaef9f6 elementor-widget elementor-widget-image\" data-id=\"aaef9f6\" data-element_type=\"widget\" data-e-type=\"widget\" data-widget_type=\"image.default\">\n\t\t\t\t<div class=\"elementor-widget-container\">\n\t\t\t\t\t\t\t\t\t\t\t\t\t\t\t<img loading=\"lazy\" decoding=\"async\" width=\"725\" height=\"598\" src=\"https:\/\/4bears.com.br\/wordpress\/wp-content\/uploads\/2025\/10\/Captura-de-tela-2025-03-28-101738.png\" class=\"attachment-large size-large wp-image-2954\" alt=\"\" srcset=\"https:\/\/4bears.com.br\/wordpress\/wp-content\/uploads\/2025\/10\/Captura-de-tela-2025-03-28-101738.png 725w, https:\/\/4bears.com.br\/wordpress\/wp-content\/uploads\/2025\/10\/Captura-de-tela-2025-03-28-101738-300x247.png 300w\" sizes=\"(max-width: 725px) 100vw, 725px\" \/>\t\t\t\t\t\t\t\t\t\t\t\t\t\t\t<\/div>\n\t\t\t\t<\/div>\n\t\t\t\t\t<\/div>\n\t\t<\/div>\n\t\t\t\t<div class=\"elementor-column elementor-col-33 elementor-top-column elementor-element elementor-element-f5b2c7e\" data-id=\"f5b2c7e\" data-element_type=\"column\" data-e-type=\"column\">\n\t\t\t<div class=\"elementor-widget-wrap elementor-element-populated\">\n\t\t\t\t\t\t<div class=\"elementor-element elementor-element-57e7e1d elementor-widget elementor-widget-image\" data-id=\"57e7e1d\" data-element_type=\"widget\" data-e-type=\"widget\" data-widget_type=\"image.default\">\n\t\t\t\t<div class=\"elementor-widget-container\">\n\t\t\t\t\t\t\t\t\t\t\t\t\t\t\t<img loading=\"lazy\" decoding=\"async\" width=\"690\" height=\"504\" src=\"https:\/\/4bears.com.br\/wordpress\/wp-content\/uploads\/2025\/10\/Captura-de-tela-2025-03-28-101817.png\" class=\"attachment-large size-large wp-image-2955\" alt=\"\" srcset=\"https:\/\/4bears.com.br\/wordpress\/wp-content\/uploads\/2025\/10\/Captura-de-tela-2025-03-28-101817.png 690w, https:\/\/4bears.com.br\/wordpress\/wp-content\/uploads\/2025\/10\/Captura-de-tela-2025-03-28-101817-300x219.png 300w\" sizes=\"(max-width: 690px) 100vw, 690px\" \/>\t\t\t\t\t\t\t\t\t\t\t\t\t\t\t<\/div>\n\t\t\t\t<\/div>\n\t\t\t\t\t<\/div>\n\t\t<\/div>\n\t\t\t\t<div class=\"elementor-column elementor-col-33 elementor-top-column elementor-element elementor-element-2cc881e\" data-id=\"2cc881e\" data-element_type=\"column\" data-e-type=\"column\">\n\t\t\t<div class=\"elementor-widget-wrap elementor-element-populated\">\n\t\t\t\t\t\t<div class=\"elementor-element elementor-element-5f0528c elementor-widget elementor-widget-image\" data-id=\"5f0528c\" data-element_type=\"widget\" data-e-type=\"widget\" data-widget_type=\"image.default\">\n\t\t\t\t<div class=\"elementor-widget-container\">\n\t\t\t\t\t\t\t\t\t\t\t\t\t\t\t<img loading=\"lazy\" decoding=\"async\" width=\"1024\" height=\"768\" src=\"https:\/\/4bears.com.br\/wordpress\/wp-content\/uploads\/2025\/10\/aw1-1024x768-1.png\" class=\"attachment-large size-large wp-image-2956\" alt=\"\" srcset=\"https:\/\/4bears.com.br\/wordpress\/wp-content\/uploads\/2025\/10\/aw1-1024x768-1.png 1024w, https:\/\/4bears.com.br\/wordpress\/wp-content\/uploads\/2025\/10\/aw1-1024x768-1-300x225.png 300w, https:\/\/4bears.com.br\/wordpress\/wp-content\/uploads\/2025\/10\/aw1-1024x768-1-768x576.png 768w\" sizes=\"(max-width: 1024px) 100vw, 1024px\" \/>\t\t\t\t\t\t\t\t\t\t\t\t\t\t\t<\/div>\n\t\t\t\t<\/div>\n\t\t\t\t\t<\/div>\n\t\t<\/div>\n\t\t\t\t\t<\/div>\n\t\t<\/section>\n\t\t\t\t<section class=\"elementor-section elementor-top-section elementor-element elementor-element-9066b5e elementor-section-boxed elementor-section-height-default elementor-section-height-default\" data-id=\"9066b5e\" data-element_type=\"section\" data-e-type=\"section\">\n\t\t\t\t\t\t<div class=\"elementor-container elementor-column-gap-default\">\n\t\t\t\t\t<div class=\"elementor-column elementor-col-50 elementor-top-column elementor-element elementor-element-e179ba7\" data-id=\"e179ba7\" data-element_type=\"column\" data-e-type=\"column\">\n\t\t\t<div class=\"elementor-widget-wrap elementor-element-populated\">\n\t\t\t\t\t\t<div class=\"elementor-element elementor-element-b7bb834 elementor-widget elementor-widget-heading\" data-id=\"b7bb834\" data-element_type=\"widget\" data-e-type=\"widget\" data-widget_type=\"heading.default\">\n\t\t\t\t<div class=\"elementor-widget-container\">\n\t\t\t\t\t<h1 class=\"elementor-heading-title elementor-size-default\">Trabalho e forma\u00e7\u00e3o<\/h1>\t\t\t\t<\/div>\n\t\t\t\t<\/div>\n\t\t\t\t<div class=\"elementor-element elementor-element-463f942 elementor-widget elementor-widget-image\" data-id=\"463f942\" data-element_type=\"widget\" data-e-type=\"widget\" data-widget_type=\"image.default\">\n\t\t\t\t<div class=\"elementor-widget-container\">\n\t\t\t\t\t\t\t\t\t\t\t\t\t\t\t<img loading=\"lazy\" decoding=\"async\" width=\"600\" height=\"400\" src=\"https:\/\/4bears.com.br\/wordpress\/wp-content\/uploads\/2025\/10\/depositphotos_469857778-stock-photo-human-rights-text-notepad-concept.webp\" class=\"attachment-large size-large wp-image-2957\" alt=\"\" srcset=\"https:\/\/4bears.com.br\/wordpress\/wp-content\/uploads\/2025\/10\/depositphotos_469857778-stock-photo-human-rights-text-notepad-concept.webp 600w, https:\/\/4bears.com.br\/wordpress\/wp-content\/uploads\/2025\/10\/depositphotos_469857778-stock-photo-human-rights-text-notepad-concept-300x200.webp 300w\" sizes=\"(max-width: 600px) 100vw, 600px\" \/>\t\t\t\t\t\t\t\t\t\t\t\t\t\t\t<\/div>\n\t\t\t\t<\/div>\n\t\t\t\t\t<\/div>\n\t\t<\/div>\n\t\t\t\t<div class=\"elementor-column elementor-col-50 elementor-top-column elementor-element elementor-element-2e9bb89\" data-id=\"2e9bb89\" data-element_type=\"column\" data-e-type=\"column\">\n\t\t\t<div class=\"elementor-widget-wrap elementor-element-populated\">\n\t\t\t\t\t\t<div class=\"elementor-element elementor-element-4de3851 elementor-widget elementor-widget-text-editor\" data-id=\"4de3851\" data-element_type=\"widget\" data-e-type=\"widget\" data-widget_type=\"text-editor.default\">\n\t\t\t\t<div class=\"elementor-widget-container\">\n\t\t\t\t\t\t\t\t\t<p data-start=\"141\" data-end=\"359\">A <strong data-start=\"143\" data-end=\"171\">4Bears Technologies<\/strong> vai al\u00e9m da entrega de solu\u00e7\u00f5es tecnol\u00f3gicas: somos uma empresa comprometida com a forma\u00e7\u00e3o de pessoas e com a promo\u00e7\u00e3o de valores \u00e9ticos que sustentam rela\u00e7\u00f5es duradouras e de confian\u00e7a.<\/p><p data-start=\"361\" data-end=\"655\">Cada valor que nos orienta \u2014 <strong data-start=\"390\" data-end=\"503\">\u00e9tica, inova\u00e7\u00e3o, responsabilidade social, prote\u00e7\u00e3o de dados, sustentabilidade e respeito aos direitos humanos<\/strong> \u2014 \u00e9 incorporado de forma concreta em nossos servi\u00e7os, treinamentos e eventos, refletindo um compromisso real com a pr\u00e1tica e n\u00e3o apenas com o discurso.<\/p><p data-start=\"657\" data-end=\"910\">Esse equil\u00edbrio entre <strong data-start=\"679\" data-end=\"731\">desenvolvimento humano e excel\u00eancia profissional<\/strong> garante que nossos colaboradores, parceiros e clientes estejam alinhados \u00e0s <strong data-start=\"808\" data-end=\"840\">melhores pr\u00e1ticas de mercado<\/strong>, bem como \u00e0s <strong data-start=\"854\" data-end=\"909\">normas legais e aos desafios sociais contempor\u00e2neos<\/strong>.<\/p><p data-start=\"912\" data-end=\"1177\">Com base nesse posicionamento, oferecemos \u00e0s institui\u00e7\u00f5es que nos escolhem a <strong data-start=\"989\" data-end=\"1053\">seguran\u00e7a de parcerias s\u00f3lidas, transparentes e sustent\u00e1veis<\/strong>, onde a tecnologia \u00e9 um meio para gerar impacto positivo, com responsabilidade e credibilidade como fundamentos essenciais.<\/p>\t\t\t\t\t\t\t\t<\/div>\n\t\t\t\t<\/div>\n\t\t\t\t\t<\/div>\n\t\t<\/div>\n\t\t\t\t\t<\/div>\n\t\t<\/section>\n\t\t\t\t<\/div>\n\t\t","protected":false},"excerpt":{"rendered":"<p>VALORES Engajados com a \u00c9tica e o Respeito aos Valores Humanos 4Bears Technologies Forma\u00e7\u00e3o e Desenvolvimento Na 4Bears Technologies, nossos eventos v\u00e3o al\u00e9m da apresenta\u00e7\u00e3o de solu\u00e7\u00f5es em tecnologia. S\u00e3o experi\u00eancias criadas para informar, inspirar e capacitar pessoas, promovendo o desenvolvimento humano e profissional em sintonia com os valores que fundamentam a nossa atua\u00e7\u00e3o. Miss\u00e3o &hellip;<\/p>\n<p class=\"read-more\"> <a class=\"\" href=\"https:\/\/4bears.com.br\/wordpress\/sobre-nos\/\"> <span class=\"screen-reader-text\">Sobre N\u00f3s<\/span> Leia mais &raquo;<\/a><\/p>\n","protected":false},"author":1,"featured_media":0,"parent":0,"menu_order":0,"comment_status":"closed","ping_status":"closed","template":"","meta":{"site-sidebar-layout":"no-sidebar","site-content-layout":"page-builder","ast-global-header-display":"","ast-banner-title-visibility":"","ast-main-header-display":"","ast-hfb-above-header-display":"","ast-hfb-below-header-display":"","ast-hfb-mobile-header-display":"","site-post-title":"disabled","ast-breadcrumbs-content":"","ast-featured-img":"disabled","footer-sml-layout":"","theme-transparent-header-meta":"","adv-header-id-meta":"","stick-header-meta":"","header-above-stick-meta":"","header-main-stick-meta":"","header-below-stick-meta":"","_joinchat":[],"footnotes":""},"class_list":["post-2944","page","type-page","status-publish","hentry"],"_links":{"self":[{"href":"https:\/\/4bears.com.br\/wordpress\/wp-json\/wp\/v2\/pages\/2944","targetHints":{"allow":["GET"]}}],"collection":[{"href":"https:\/\/4bears.com.br\/wordpress\/wp-json\/wp\/v2\/pages"}],"about":[{"href":"https:\/\/4bears.com.br\/wordpress\/wp-json\/wp\/v2\/types\/page"}],"author":[{"embeddable":true,"href":"https:\/\/4bears.com.br\/wordpress\/wp-json\/wp\/v2\/users\/1"}],"replies":[{"embeddable":true,"href":"https:\/\/4bears.com.br\/wordpress\/wp-json\/wp\/v2\/comments?post=2944"}],"version-history":[{"count":5,"href":"https:\/\/4bears.com.br\/wordpress\/wp-json\/wp\/v2\/pages\/2944\/revisions"}],"predecessor-version":[{"id":2966,"href":"https:\/\/4bears.com.br\/wordpress\/wp-json\/wp\/v2\/pages\/2944\/revisions\/2966"}],"wp:attachment":[{"href":"https:\/\/4bears.com.br\/wordpress\/wp-json\/wp\/v2\/media?parent=2944"}],"curies":[{"name":"wp","href":"https:\/\/api.w.org\/{rel}","templated":true}]}}