{"id":656,"date":"2021-11-04T10:21:32","date_gmt":"2021-11-04T13:21:32","guid":{"rendered":"http:\/\/br902.teste.website\/~dwebte41\/services\/"},"modified":"2024-09-05T10:45:00","modified_gmt":"2024-09-05T13:45:00","slug":"solucoes-e-servicos-2","status":"publish","type":"page","link":"https:\/\/4bears.com.br\/wordpress\/solucoes-e-servicos-2\/","title":{"rendered":"Solu\u00e7\u00f5es e Servi\u00e7os"},"content":{"rendered":"\t\t<div data-elementor-type=\"wp-page\" data-elementor-id=\"656\" class=\"elementor elementor-656\" data-elementor-post-type=\"page\">\n\t\t\t\t\t\t<section class=\"elementor-section elementor-top-section elementor-element elementor-element-8629cb8 elementor-section-full_width elementor-section-height-default elementor-section-height-default\" data-id=\"8629cb8\" data-element_type=\"section\" data-e-type=\"section\" data-settings=\"{&quot;background_background&quot;:&quot;classic&quot;}\">\n\t\t\t\t\t\t<div class=\"elementor-container elementor-column-gap-wide\">\n\t\t\t\t\t<div class=\"elementor-column elementor-col-100 elementor-top-column elementor-element elementor-element-eee7ce4\" data-id=\"eee7ce4\" data-element_type=\"column\" data-e-type=\"column\">\n\t\t\t<div class=\"elementor-widget-wrap elementor-element-populated\">\n\t\t\t\t\t\t<div class=\"elementor-element elementor-element-2a1c448 elementor-widget elementor-widget-heading\" data-id=\"2a1c448\" data-element_type=\"widget\" data-e-type=\"widget\" data-widget_type=\"heading.default\">\n\t\t\t\t<div class=\"elementor-widget-container\">\n\t\t\t\t\t<h2 class=\"elementor-heading-title elementor-size-default\">MAINFRAME, NUVEM H\u00cdBRIDA E MODERNIZA\u00c7\u00c3O DE APLICA\u00c7\u00d5ES<\/h2>\t\t\t\t<\/div>\n\t\t\t\t<\/div>\n\t\t\t\t\t<\/div>\n\t\t<\/div>\n\t\t\t\t\t<\/div>\n\t\t<\/section>\n\t\t\t\t<section class=\"elementor-section elementor-top-section elementor-element elementor-element-bcf0b8e elementor-section-boxed elementor-section-height-default elementor-section-height-default\" data-id=\"bcf0b8e\" data-element_type=\"section\" data-e-type=\"section\" data-settings=\"{&quot;background_background&quot;:&quot;classic&quot;}\">\n\t\t\t\t\t\t<div class=\"elementor-container elementor-column-gap-default\">\n\t\t\t\t\t<div class=\"elementor-column elementor-col-100 elementor-top-column elementor-element elementor-element-7a03b24\" data-id=\"7a03b24\" data-element_type=\"column\" data-e-type=\"column\" data-settings=\"{&quot;background_background&quot;:&quot;classic&quot;}\">\n\t\t\t<div class=\"elementor-widget-wrap elementor-element-populated\">\n\t\t\t\t\t\t<div class=\"elementor-element elementor-element-2c0ef33 elementor-widget elementor-widget-heading\" data-id=\"2c0ef33\" data-element_type=\"widget\" data-e-type=\"widget\" data-widget_type=\"heading.default\">\n\t\t\t\t<div class=\"elementor-widget-container\">\n\t\t\t\t\t<h2 class=\"elementor-heading-title elementor-size-default\">Transformando o Futuro da Tecnologia: Mainframe, Nuvem H\u00edbrida e Moderniza\u00e7\u00e3o de Aplica\u00e7\u00f5es<\/h2>\t\t\t\t<\/div>\n\t\t\t\t<\/div>\n\t\t\t\t<div class=\"elementor-element elementor-element-371013e elementor-widget elementor-widget-text-editor\" data-id=\"371013e\" data-element_type=\"widget\" data-e-type=\"widget\" data-widget_type=\"text-editor.default\">\n\t\t\t\t<div class=\"elementor-widget-container\">\n\t\t\t\t\t\t\t\t\t<h3>\u00a0<\/h3><p>Na era da transforma\u00e7\u00e3o digital, onde a inova\u00e7\u00e3o \u00e9 a for\u00e7a propulsora por tr\u00e1s do sucesso empresarial, \u00e9 essencial que as empresas estejam na vanguarda da evolu\u00e7\u00e3o tecnol\u00f3gica. A jornada para a excel\u00eancia tecnol\u00f3gica passa por tr\u00eas pilares fundamentais: Mainframe, Nuvem H\u00edbrida e Moderniza\u00e7\u00e3o de Aplica\u00e7\u00f5es. Como uma empresa de tecnologia l\u00edder, estamos comprometidos em ajudar sua empresa a abra\u00e7ar esses avan\u00e7os e desbloquear todo o potencial que eles oferecem. Rumo ao futuro tecnol\u00f3gico, nossa empresa est\u00e1 empenhada em ser seu parceiro confi\u00e1vel na jornada em dire\u00e7\u00e3o \u00e0 moderniza\u00e7\u00e3o tecnol\u00f3gica. Ao incorporar os princ\u00edpios do mainframe, nuvem h\u00edbrida e moderniza\u00e7\u00e3o de aplica\u00e7\u00f5es, oferecemos solu\u00e7\u00f5es abrangentes que permitem que sua empresa alcance novos patamares de efici\u00eancia, inova\u00e7\u00e3o e sucesso. Vamos moldar o futuro juntos, aproveitando o poder do passado, as possibilidades do presente e a promessa do amanh\u00e3.<\/p>\t\t\t\t\t\t\t\t<\/div>\n\t\t\t\t<\/div>\n\t\t\t\t\t<\/div>\n\t\t<\/div>\n\t\t\t\t\t<\/div>\n\t\t<\/section>\n\t\t\t\t<section class=\"elementor-section elementor-top-section elementor-element elementor-element-7490d20 elementor-section-boxed elementor-section-height-default elementor-section-height-default\" data-id=\"7490d20\" data-element_type=\"section\" data-e-type=\"section\" data-settings=\"{&quot;background_background&quot;:&quot;classic&quot;}\">\n\t\t\t\t\t\t\t<div class=\"elementor-background-overlay\"><\/div>\n\t\t\t\t\t\t\t<div class=\"elementor-container elementor-column-gap-custom\">\n\t\t\t\t\t<div class=\"elementor-column elementor-col-33 elementor-top-column elementor-element elementor-element-bdddc66\" data-id=\"bdddc66\" data-element_type=\"column\" data-e-type=\"column\" data-settings=\"{&quot;background_background&quot;:&quot;classic&quot;}\">\n\t\t\t<div class=\"elementor-widget-wrap elementor-element-populated\">\n\t\t\t\t\t\t<div class=\"elementor-element elementor-element-9720bd5 elementor-view-default elementor-position-block-start elementor-mobile-position-block-start elementor-widget elementor-widget-icon-box\" data-id=\"9720bd5\" data-element_type=\"widget\" data-e-type=\"widget\" data-widget_type=\"icon-box.default\">\n\t\t\t\t<div class=\"elementor-widget-container\">\n\t\t\t\t\t\t\t<div class=\"elementor-icon-box-wrapper\">\n\n\t\t\t\t\t\t<div class=\"elementor-icon-box-icon\">\n\t\t\t\t<span  class=\"elementor-icon\">\n\t\t\t\t<i aria-hidden=\"true\" class=\"fas fa-arrow-alt-circle-down\"><\/i>\t\t\t\t<\/span>\n\t\t\t<\/div>\n\t\t\t\n\t\t\t\t\t\t<div class=\"elementor-icon-box-content\">\n\n\t\t\t\t\t\t\t\t\t<h3 class=\"elementor-icon-box-title\">\n\t\t\t\t\t\t<span  >\n\t\t\t\t\t\t\tMainframe: O Legado Reinventado\n\t\t\t\t\t\t<\/span>\n\t\t\t\t\t<\/h3>\n\t\t\t\t\n\t\t\t\t\t\t\t\t\t<p class=\"elementor-icon-box-description\">\n\t\t\t\t\t\tO mainframe, continua sendo um pilar vital em muitas infraestruturas corporativas. Ele oferece confiabilidade, seguran\u00e7a e capacidade de processamento inigual\u00e1veis. Contudo, reconhecemos a necessidade de transformar esse legado em uma for\u00e7a \u00e1gil e din\u00e2mica. Nossa abordagem revolucion\u00e1ria ao mainframe integra os princ\u00edpios de moderniza\u00e7\u00e3o, permitindo que voc\u00ea aproveite os benef\u00edcios de desempenho excepcional, enquanto se alinha \u00e0s necessidades contempor\u00e2neas de integra\u00e7\u00e3o e flexibilidade.\t\t\t\t\t<\/p>\n\t\t\t\t\n\t\t\t<\/div>\n\t\t\t\n\t\t<\/div>\n\t\t\t\t\t\t<\/div>\n\t\t\t\t<\/div>\n\t\t\t\t<div class=\"elementor-element elementor-element-a55031c elementor-align-center elementor-widget elementor-widget-button\" data-id=\"a55031c\" data-element_type=\"widget\" data-e-type=\"widget\" data-widget_type=\"button.default\">\n\t\t\t\t<div class=\"elementor-widget-container\">\n\t\t\t\t\t\t\t\t\t<div class=\"elementor-button-wrapper\">\n\t\t\t\t\t<a class=\"elementor-button elementor-button-link elementor-size-sm\" href=\"https:\/\/4bears.com.br\/wordpress\/solucao-mainframe\/\" target=\"_blank\">\n\t\t\t\t\t\t<span class=\"elementor-button-content-wrapper\">\n\t\t\t\t\t\t\t\t\t<span class=\"elementor-button-text\">SAIBA SOBRE MAINFRAME<\/span>\n\t\t\t\t\t<\/span>\n\t\t\t\t\t<\/a>\n\t\t\t\t<\/div>\n\t\t\t\t\t\t\t\t<\/div>\n\t\t\t\t<\/div>\n\t\t\t\t\t<\/div>\n\t\t<\/div>\n\t\t\t\t<div class=\"elementor-column elementor-col-33 elementor-top-column elementor-element elementor-element-6806ac6\" data-id=\"6806ac6\" data-element_type=\"column\" data-e-type=\"column\" data-settings=\"{&quot;background_background&quot;:&quot;classic&quot;}\">\n\t\t\t<div class=\"elementor-widget-wrap elementor-element-populated\">\n\t\t\t\t\t\t<div class=\"elementor-element elementor-element-82c582d elementor-view-default elementor-position-block-start elementor-mobile-position-block-start elementor-widget elementor-widget-icon-box\" data-id=\"82c582d\" data-element_type=\"widget\" data-e-type=\"widget\" data-widget_type=\"icon-box.default\">\n\t\t\t\t<div class=\"elementor-widget-container\">\n\t\t\t\t\t\t\t<div class=\"elementor-icon-box-wrapper\">\n\n\t\t\t\t\t\t<div class=\"elementor-icon-box-icon\">\n\t\t\t\t<span  class=\"elementor-icon\">\n\t\t\t\t<i aria-hidden=\"true\" class=\"fas fa-arrow-alt-circle-down\"><\/i>\t\t\t\t<\/span>\n\t\t\t<\/div>\n\t\t\t\n\t\t\t\t\t\t<div class=\"elementor-icon-box-content\">\n\n\t\t\t\t\t\t\t\t\t<h3 class=\"elementor-icon-box-title\">\n\t\t\t\t\t\t<span  >\n\t\t\t\t\t\t\tNuvem H\u00edbrida: Equilibrio Entre Escalabilidade e Controle\t\t\t\t\t\t<\/span>\n\t\t\t\t\t<\/h3>\n\t\t\t\t\n\t\t\t\t\t\t\t\t\t<p class=\"elementor-icon-box-description\">\n\t\t\t\t\t\tA nuvem h\u00edbrida \u00e9 a ponte que une a solidez do ambiente local com as possibilidades expansivas da nuvem p\u00fablica. Reconhecemos que nem todas as cargas de trabalho podem ou devem ser migradas para a nuvem p\u00fablica, e \u00e9 por isso que oferecemos solu\u00e7\u00f5es que aproveitam o melhor dos dois mundos. Nossa abordagem h\u00edbrida permite que voc\u00ea escale conforme necess\u00e1rio, mantendo o controle sobre seus ativos mais cr\u00edticos. A seguran\u00e7a \u00e9 prioridade, e nossa arquitetura garante a prote\u00e7\u00e3o de dados sens\u00edveis, independentemente de onde residam.\t\t\t\t\t<\/p>\n\t\t\t\t\n\t\t\t<\/div>\n\t\t\t\n\t\t<\/div>\n\t\t\t\t\t\t<\/div>\n\t\t\t\t<\/div>\n\t\t\t\t<div class=\"elementor-element elementor-element-6485d5e elementor-align-center elementor-widget elementor-widget-button\" data-id=\"6485d5e\" data-element_type=\"widget\" data-e-type=\"widget\" data-widget_type=\"button.default\">\n\t\t\t\t<div class=\"elementor-widget-container\">\n\t\t\t\t\t\t\t\t\t<div class=\"elementor-button-wrapper\">\n\t\t\t\t\t<a class=\"elementor-button elementor-button-link elementor-size-sm\" href=\"https:\/\/4bears.com.br\/wordpress\/solucoes-em-nuvem-hibrida\/\" target=\"_blank\">\n\t\t\t\t\t\t<span class=\"elementor-button-content-wrapper\">\n\t\t\t\t\t\t\t\t\t<span class=\"elementor-button-text\">SAIBA SOBRE NUVEM H\u00cdBRIDA<\/span>\n\t\t\t\t\t<\/span>\n\t\t\t\t\t<\/a>\n\t\t\t\t<\/div>\n\t\t\t\t\t\t\t\t<\/div>\n\t\t\t\t<\/div>\n\t\t\t\t\t<\/div>\n\t\t<\/div>\n\t\t\t\t<div class=\"elementor-column elementor-col-33 elementor-top-column elementor-element elementor-element-2d23549\" data-id=\"2d23549\" data-element_type=\"column\" data-e-type=\"column\" data-settings=\"{&quot;background_background&quot;:&quot;classic&quot;}\">\n\t\t\t<div class=\"elementor-widget-wrap elementor-element-populated\">\n\t\t\t\t\t\t<div class=\"elementor-element elementor-element-7860b7a elementor-view-default elementor-position-block-start elementor-mobile-position-block-start elementor-widget elementor-widget-icon-box\" data-id=\"7860b7a\" data-element_type=\"widget\" data-e-type=\"widget\" data-widget_type=\"icon-box.default\">\n\t\t\t\t<div class=\"elementor-widget-container\">\n\t\t\t\t\t\t\t<div class=\"elementor-icon-box-wrapper\">\n\n\t\t\t\t\t\t<div class=\"elementor-icon-box-icon\">\n\t\t\t\t<span  class=\"elementor-icon\">\n\t\t\t\t<i aria-hidden=\"true\" class=\"fas fa-arrow-alt-circle-down\"><\/i>\t\t\t\t<\/span>\n\t\t\t<\/div>\n\t\t\t\n\t\t\t\t\t\t<div class=\"elementor-icon-box-content\">\n\n\t\t\t\t\t\t\t\t\t<h3 class=\"elementor-icon-box-title\">\n\t\t\t\t\t\t<span  >\n\t\t\t\t\t\t\tModerniza\u00e7\u00e3o de Aplica\u00e7\u00f5es: Potencial Desbloqueado\t\t\t\t\t\t<\/span>\n\t\t\t\t\t<\/h3>\n\t\t\t\t\n\t\t\t\t\t\t\t\t\t<p class=\"elementor-icon-box-description\">\n\t\t\t\t\t\tO cen\u00e1rio tecnol\u00f3gico est\u00e1 em constante evolu\u00e7\u00e3o, e suas aplica\u00e7\u00f5es devem acompanhar esse ritmo para permanecerem relevantes e eficazes. Nossa equipe de especialistas trabalhar\u00e1 em estreita colabora\u00e7\u00e3o com a sua empresa para revitalizar suas aplica\u00e7\u00f5es, tornando-as \u00e1geis, centradas no usu\u00e1rio e prontas para o futuro. Seja uma migra\u00e7\u00e3o completa para micro-servi\u00e7os ou a ado\u00e7\u00e3o de metodologias \u00e1geis, estamos comprometidos em liberar o potencial completo de suas aplica\u00e7\u00f5es.\t\t\t\t\t<\/p>\n\t\t\t\t\n\t\t\t<\/div>\n\t\t\t\n\t\t<\/div>\n\t\t\t\t\t\t<\/div>\n\t\t\t\t<\/div>\n\t\t\t\t<div class=\"elementor-element elementor-element-6b67d06 elementor-align-center elementor-widget elementor-widget-button\" data-id=\"6b67d06\" data-element_type=\"widget\" data-e-type=\"widget\" data-widget_type=\"button.default\">\n\t\t\t\t<div class=\"elementor-widget-container\">\n\t\t\t\t\t\t\t\t\t<div class=\"elementor-button-wrapper\">\n\t\t\t\t\t<a class=\"elementor-button elementor-button-link elementor-size-sm\" href=\"https:\/\/4bears.com.br\/wordpress\/solucoes-de-modernizacao-de-aplicacoes\/\" target=\"_blank\">\n\t\t\t\t\t\t<span class=\"elementor-button-content-wrapper\">\n\t\t\t\t\t\t\t\t\t<span class=\"elementor-button-text\">SAIBA SOBRE MODERNIZA\u00c7\u00c3O<\/span>\n\t\t\t\t\t<\/span>\n\t\t\t\t\t<\/a>\n\t\t\t\t<\/div>\n\t\t\t\t\t\t\t\t<\/div>\n\t\t\t\t<\/div>\n\t\t\t\t\t<\/div>\n\t\t<\/div>\n\t\t\t\t\t<\/div>\n\t\t<\/section>\n\t\t\t\t<\/div>\n\t\t","protected":false},"excerpt":{"rendered":"<p>MAINFRAME, NUVEM H\u00cdBRIDA E MODERNIZA\u00c7\u00c3O DE APLICA\u00c7\u00d5ES Transformando o Futuro da Tecnologia: Mainframe, Nuvem H\u00edbrida e Moderniza\u00e7\u00e3o de Aplica\u00e7\u00f5es \u00a0 Na era da transforma\u00e7\u00e3o digital, onde a inova\u00e7\u00e3o \u00e9 a for\u00e7a propulsora por tr\u00e1s do sucesso empresarial, \u00e9 essencial que as empresas estejam na vanguarda da evolu\u00e7\u00e3o tecnol\u00f3gica. A jornada para a excel\u00eancia tecnol\u00f3gica passa &hellip;<\/p>\n<p class=\"read-more\"> <a class=\"\" href=\"https:\/\/4bears.com.br\/wordpress\/solucoes-e-servicos-2\/\"> <span class=\"screen-reader-text\">Solu\u00e7\u00f5es e Servi\u00e7os<\/span> Leia mais &raquo;<\/a><\/p>\n","protected":false},"author":1,"featured_media":0,"parent":0,"menu_order":0,"comment_status":"closed","ping_status":"closed","template":"elementor_header_footer","meta":{"site-sidebar-layout":"no-sidebar","site-content-layout":"page-builder","ast-global-header-display":"","ast-banner-title-visibility":"","ast-main-header-display":"","ast-hfb-above-header-display":"","ast-hfb-below-header-display":"","ast-hfb-mobile-header-display":"","site-post-title":"disabled","ast-breadcrumbs-content":"disabled","ast-featured-img":"disabled","footer-sml-layout":"","theme-transparent-header-meta":"enabled","adv-header-id-meta":"","stick-header-meta":"","header-above-stick-meta":"","header-main-stick-meta":"","header-below-stick-meta":"","_joinchat":[],"footnotes":""},"class_list":["post-656","page","type-page","status-publish","hentry"],"_links":{"self":[{"href":"https:\/\/4bears.com.br\/wordpress\/wp-json\/wp\/v2\/pages\/656","targetHints":{"allow":["GET"]}}],"collection":[{"href":"https:\/\/4bears.com.br\/wordpress\/wp-json\/wp\/v2\/pages"}],"about":[{"href":"https:\/\/4bears.com.br\/wordpress\/wp-json\/wp\/v2\/types\/page"}],"author":[{"embeddable":true,"href":"https:\/\/4bears.com.br\/wordpress\/wp-json\/wp\/v2\/users\/1"}],"replies":[{"embeddable":true,"href":"https:\/\/4bears.com.br\/wordpress\/wp-json\/wp\/v2\/comments?post=656"}],"version-history":[{"count":93,"href":"https:\/\/4bears.com.br\/wordpress\/wp-json\/wp\/v2\/pages\/656\/revisions"}],"predecessor-version":[{"id":2713,"href":"https:\/\/4bears.com.br\/wordpress\/wp-json\/wp\/v2\/pages\/656\/revisions\/2713"}],"wp:attachment":[{"href":"https:\/\/4bears.com.br\/wordpress\/wp-json\/wp\/v2\/media?parent=656"}],"curies":[{"name":"wp","href":"https:\/\/api.w.org\/{rel}","templated":true}]}}